{"id":2450,"date":"2024-04-22T16:34:14","date_gmt":"2024-04-22T14:34:14","guid":{"rendered":"https:\/\/jmc-swiss.com\/?page_id=2450"},"modified":"2025-04-10T12:27:14","modified_gmt":"2025-04-10T10:27:14","slug":"legal-information","status":"publish","type":"page","link":"https:\/\/jmc-swiss.com\/en\/legal-information\/","title":{"rendered":"Legal information"},"content":{"rendered":"<div data-elementor-type=\"wp-page\" data-elementor-id=\"2450\" class=\"elementor elementor-2450\" data-elementor-post-type=\"page\">\n\t\t\t\t\t\t<section class=\"elementor-section elementor-top-section elementor-element elementor-element-ede6f42 elementor-section-full_width elementor-section-height-default elementor-section-height-default\" data-id=\"ede6f42\" data-element_type=\"section\" data-settings=\"{&quot;background_background&quot;:&quot;classic&quot;}\">\n\t\t\t\t\t\t\t<div class=\"elementor-background-overlay\"><\/div>\n\t\t\t\t\t\t\t<div class=\"elementor-container elementor-column-gap-default\">\n\t\t\t\t\t<div class=\"elementor-column elementor-col-100 elementor-top-column elementor-element elementor-element-bc6a053\" data-id=\"bc6a053\" data-element_type=\"column\">\n\t\t\t<div class=\"elementor-widget-wrap elementor-element-populated\">\n\t\t\t\t\t\t<div class=\"elementor-element elementor-element-32a6ad1b elementor-widget elementor-widget-heading\" data-id=\"32a6ad1b\" data-element_type=\"widget\" data-widget_type=\"heading.default\">\n\t\t\t\t<div class=\"elementor-widget-container\">\n\t\t\t\t\t<h1 class=\"elementor-heading-title elementor-size-default\">Legal information<\/h1>\t\t\t\t<\/div>\n\t\t\t\t<\/div>\n\t\t\t\t\t<\/div>\n\t\t<\/div>\n\t\t\t\t\t<\/div>\n\t\t<\/section>\n\t\t\t\t<section class=\"elementor-section elementor-top-section elementor-element elementor-element-0e58643 elementor-section-boxed elementor-section-height-default elementor-section-height-default\" data-id=\"0e58643\" data-element_type=\"section\">\n\t\t\t\t\t\t<div class=\"elementor-container elementor-column-gap-default\">\n\t\t\t\t\t<div class=\"elementor-column elementor-col-100 elementor-top-column elementor-element elementor-element-5a3ebbb\" data-id=\"5a3ebbb\" data-element_type=\"column\">\n\t\t\t<div class=\"elementor-widget-wrap elementor-element-populated\">\n\t\t\t\t\t\t<div class=\"elementor-element elementor-element-05ae704 elementor-widget elementor-widget-heading\" data-id=\"05ae704\" data-element_type=\"widget\" data-widget_type=\"heading.default\">\n\t\t\t\t<div class=\"elementor-widget-container\">\n\t\t\t\t\t<h2 class=\"elementor-heading-title elementor-size-default\">Legal notice of jmc-swiss.com<\/h2>\t\t\t\t<\/div>\n\t\t\t\t<\/div>\n\t\t\t\t<div class=\"elementor-element elementor-element-0d688e9 elementor-widget elementor-widget-text-editor\" data-id=\"0d688e9\" data-element_type=\"widget\" data-widget_type=\"text-editor.default\">\n\t\t\t\t<div class=\"elementor-widget-container\">\n\t\t\t\t\t\t\t\t\t<p>In accordance with the laws and regulations applicable in Switzerland, in particular the <a href=\"https:\/\/www.fedlex.admin.ch\/eli\/cc\/2022\/491\/fr\" target=\"_blank\" rel=\"noopener\"><strong>Federal Data Protection Act (DPA)<\/strong><\/a> and the<a href=\"https:\/\/www.admin.ch\/gov\/fr\/accueil\/documentation\/communiques.msg-id-90134.html\" target=\"_blank\" rel=\"noopener\"><strong>Ordinance on the Federal Data Protection Act (VDSG)<\/strong><\/a>, the following information is provided to users and visitors to the website <strong>jmc-swiss.com :<\/strong><\/p>\t\t\t\t\t\t\t\t<\/div>\n\t\t\t\t<\/div>\n\t\t\t\t<div class=\"elementor-element elementor-element-1494506 elementor-widget elementor-widget-heading\" data-id=\"1494506\" data-element_type=\"widget\" data-widget_type=\"heading.default\">\n\t\t\t\t<div class=\"elementor-widget-container\">\n\t\t\t\t\t<h3 class=\"elementor-heading-title elementor-size-default\">Identity of the site<\/h3>\t\t\t\t<\/div>\n\t\t\t\t<\/div>\n\t\t\t\t<div class=\"elementor-element elementor-element-65dab7c elementor-widget elementor-widget-text-editor\" data-id=\"65dab7c\" data-element_type=\"widget\" data-widget_type=\"text-editor.default\">\n\t\t\t\t<div class=\"elementor-widget-container\">\n\t\t\t\t\t\t\t\t\t<p>Nom du site web : JMC Swiss S.A.<br \/>Adresse du site : <a href=\"https:\/\/jmc-swiss.com\/en\/\">https:\/\/jmc-swiss.com\/<\/a><\/p><p>Propri\u00e9taire : JMC Swiss S.A.<br \/>Responsable de publication : JMC Swiss S.A.<\/p>\t\t\t\t\t\t\t\t<\/div>\n\t\t\t\t<\/div>\n\t\t\t\t<div class=\"elementor-element elementor-element-1288ad4 elementor-widget elementor-widget-heading\" data-id=\"1288ad4\" data-element_type=\"widget\" data-widget_type=\"heading.default\">\n\t\t\t\t<div class=\"elementor-widget-container\">\n\t\t\t\t\t<h3 class=\"elementor-heading-title elementor-size-default\">H\u00e9bergement et webdesign<\/h3>\t\t\t\t<\/div>\n\t\t\t\t<\/div>\n\t\t\t\t<div class=\"elementor-element elementor-element-2fc8ebf elementor-widget elementor-widget-text-editor\" data-id=\"2fc8ebf\" data-element_type=\"widget\" data-widget_type=\"text-editor.default\">\n\t\t\t\t<div class=\"elementor-widget-container\">\n\t\t\t\t\t\t\t\t\t<p>Webdesign and SEO: <a href=\"https:\/\/crackerstech.com\/\" target=\"_blank\" rel=\"noopener\">Cracker&rsquo;s Tech<\/a>.<br \/>Conception UX\/UI Design : <a href=\"https:\/\/crackerstech.com\/\" target=\"_blank\" rel=\"noopener\">Cracker&rsquo;s Tech<\/a>.<br \/>Hosting: IT Infrastructure <a href=\"https:\/\/crackerstech.com\/\" target=\"_blank\" rel=\"noopener\">Cracker&rsquo;s Tech<\/a>.<\/p>\t\t\t\t\t\t\t\t<\/div>\n\t\t\t\t<\/div>\n\t\t\t\t<div class=\"elementor-element elementor-element-26947ce elementor-widget elementor-widget-heading\" data-id=\"26947ce\" data-element_type=\"widget\" data-widget_type=\"heading.default\">\n\t\t\t\t<div class=\"elementor-widget-container\">\n\t\t\t\t\t<h3 class=\"elementor-heading-title elementor-size-default\">Website owner<\/h3>\t\t\t\t<\/div>\n\t\t\t\t<\/div>\n\t\t\t\t<div class=\"elementor-element elementor-element-84a3c72 elementor-widget elementor-widget-text-editor\" data-id=\"84a3c72\" data-element_type=\"widget\" data-widget_type=\"text-editor.default\">\n\t\t\t\t<div class=\"elementor-widget-container\">\n\t\t\t\t\t\t\t\t\t<p>Type du titulaire : Personne morale.<br \/>JMC Swiss S.A. \u2013 Soci\u00e9t\u00e9 Anonyme.<br \/>Soci\u00e9t\u00e9 de droit Suisse.<br \/>Enregistr\u00e9e au RC de Z\u00fcrich depuis le 05\/03\/2014 sous le matricule CHE-191.294.824.<br \/>Si\u00e8ge social : L\u00f6wenstrasse 25, 8001 Z\u00fcrich, Suisse.<\/p>\t\t\t\t\t\t\t\t<\/div>\n\t\t\t\t<\/div>\n\t\t\t\t<div class=\"elementor-element elementor-element-b30308d elementor-widget elementor-widget-heading\" data-id=\"b30308d\" data-element_type=\"widget\" data-widget_type=\"heading.default\">\n\t\t\t\t<div class=\"elementor-widget-container\">\n\t\t\t\t\t<h3 class=\"elementor-heading-title elementor-size-default\">Terms of use<\/h3>\t\t\t\t<\/div>\n\t\t\t\t<\/div>\n\t\t\t\t<div class=\"elementor-element elementor-element-e4e0d29 elementor-widget elementor-widget-text-editor\" data-id=\"e4e0d29\" data-element_type=\"widget\" data-widget_type=\"text-editor.default\">\n\t\t\t\t<div class=\"elementor-widget-container\">\n\t\t\t\t\t\t\t\t\t<p>L\u2019utilisation du pr\u00e9sent site implique l\u2019acceptation pleine et enti\u00e8re des conditions g\u00e9n\u00e9rales d\u2019utilisation.<br \/>(Se r\u00e9f\u00e9rer \u00e0 la page\u00a0CONDITIONS D\u2019UTILISATION).<\/p><p>Ces conditions d\u2019utilisations sont susceptibles d\u2019\u00eatre modifi\u00e9es ou compl\u00e9t\u00e9es \u00e0 tout moment.<\/p>\t\t\t\t\t\t\t\t<\/div>\n\t\t\t\t<\/div>\n\t\t\t\t<div class=\"elementor-element elementor-element-d8e80af elementor-widget elementor-widget-heading\" data-id=\"d8e80af\" data-element_type=\"widget\" data-widget_type=\"heading.default\">\n\t\t\t\t<div class=\"elementor-widget-container\">\n\t\t\t\t\t<h3 class=\"elementor-heading-title elementor-size-default\">Conditions g\u00e9n\u00e9rales de ventes, prestations de services et remboursement<\/h3>\t\t\t\t<\/div>\n\t\t\t\t<\/div>\n\t\t\t\t<div class=\"elementor-element elementor-element-c48acbb elementor-widget elementor-widget-text-editor\" data-id=\"c48acbb\" data-element_type=\"widget\" data-widget_type=\"text-editor.default\">\n\t\t\t\t<div class=\"elementor-widget-container\">\n\t\t\t\t\t\t\t\t\t<p>Les conditions g\u00e9n\u00e9rales, li\u00e9es aux ventes, prestations de services et la politique de retour et\/ou de remboursement sont disponibles. <br \/>(Se r\u00e9f\u00e9rer \u00e0 la page <a href=\"https:\/\/jmc-swiss.com\/en\/legal-information\/cgv\/\">CONDITIONS G\u00c9N\u00c9RALES DE VENTE<\/a>).<\/p>\t\t\t\t\t\t\t\t<\/div>\n\t\t\t\t<\/div>\n\t\t\t\t<div class=\"elementor-element elementor-element-9aa104e elementor-widget elementor-widget-heading\" data-id=\"9aa104e\" data-element_type=\"widget\" data-widget_type=\"heading.default\">\n\t\t\t\t<div class=\"elementor-widget-container\">\n\t\t\t\t\t<h3 class=\"elementor-heading-title elementor-size-default\">Cr\u00e9dits Photographiques et Citations<\/h3>\t\t\t\t<\/div>\n\t\t\t\t<\/div>\n\t\t\t\t<div class=\"elementor-element elementor-element-ab98066 elementor-widget elementor-widget-text-editor\" data-id=\"ab98066\" data-element_type=\"widget\" data-widget_type=\"text-editor.default\">\n\t\t\t\t<div class=\"elementor-widget-container\">\n\t\t\t\t\t\t\t\t\t<p><span style=\"font-size: 16px;\">Les clich\u00e9s et autres photographies pr\u00e9sents sont r\u00e9alis\u00e9s par et pour JMC Swiss, ses partenaires et\/ou ses prestataires de services, tous droits r\u00e9serv\u00e9s.<\/span><\/p><div class=\"elementor-element elementor-element-e8e87b4 elementor-widget elementor-widget-heading\" data-id=\"e8e87b4\" data-element_type=\"widget\" data-widget_type=\"heading.default\"><div class=\"elementor-widget-container\"><p>L\u2019utilisation, la reprographie ou le partage sur tels supports quel qu\u2019il soit n\u00e9cessite une demande d\u2019autorisation de la part de JMC Swiss. La demande pr\u00e9cisera le support de reproduction et son mode de diffusion. Les photos et les images utilis\u00e9es apr\u00e8s autorisation mentionneront le copyright JMC Swiss ou celui indiqu\u00e9 au moment de l\u2019autorisation.<\/p><p>Toute reproduction de contenus \u00e9ditoriaux, de photos et d\u2019images, sons, vid\u00e9os ou documents dans un but commercial ou publicitaire est interdite.<br \/>(Se r\u00e9f\u00e9rer \u00e0 la page CONDITIONS D\u2019UTILISATION pour plus de pr\u00e9cisions).<\/p><\/div><\/div>\t\t\t\t\t\t\t\t<\/div>\n\t\t\t\t<\/div>\n\t\t\t\t<div class=\"elementor-element elementor-element-17cd2f5 elementor-widget elementor-widget-heading\" data-id=\"17cd2f5\" data-element_type=\"widget\" data-widget_type=\"heading.default\">\n\t\t\t\t<div class=\"elementor-widget-container\">\n\t\t\t\t\t<h3 class=\"elementor-heading-title elementor-size-default\">R\u00e9f\u00e9rences l\u00e9gales<\/h3>\t\t\t\t<\/div>\n\t\t\t\t<\/div>\n\t\t\t\t<div class=\"elementor-element elementor-element-ae1a6ac elementor-widget elementor-widget-text-editor\" data-id=\"ae1a6ac\" data-element_type=\"widget\" data-widget_type=\"text-editor.default\">\n\t\t\t\t<div class=\"elementor-widget-container\">\n\t\t\t\t\t\t\t\t\t<div class=\"elementor-element elementor-element-e8e87b4 elementor-widget elementor-widget-heading\" data-id=\"e8e87b4\" data-element_type=\"widget\" data-widget_type=\"heading.default\"><div class=\"elementor-widget-container\"><div class=\"elementor-widget-container\"><ol><li>Articles L111-1 et suivants du Code de la Propri\u00e9t\u00e9 Intellectuelle du 1er juillet 1992<\/li><li>Article 41 de la loi du 11 mars 1957<\/li><li>Article L. 226-13 du Code p\u00e9nal et la Directive Europ\u00e9enne du 24 octobre 1995<\/li><li>Articles L.335-2 et suivants du Code de Propri\u00e9t\u00e9 Intellectuelle<\/li><li>Loi n\u00b0 78-87 du 6 janvier 1978, modifi\u00e9e par la loi n\u00b0 2004-801 du 6 ao\u00fbt 2004, relative \u00e0 l\u2019informatique, aux fichiers et aux libert\u00e9s<\/li><li>Articles 38 et suivants de la loi 78-17 du 6 janvier 1978 relative \u00e0 l\u2019informatique, aux fichiers et aux libert\u00e9s<\/li><li>Loi du 1er juillet 1998 transposant la directive 96\/9 du 11 mars 1996 relative \u00e0 la protection juridique des bases de donn\u00e9es<\/li><li>Loi n\u00b0 2004-801 du 6 ao\u00fbt 2004<\/li><li>Article 6 de la loi n\u00b0 2004-575 du 21 juin 2004 pour la confiance dans l\u2019\u00e9conomie num\u00e9rique.<\/li><\/ol><\/div><\/div><\/div>\t\t\t\t\t\t\t\t<\/div>\n\t\t\t\t<\/div>\n\t\t\t\t<div class=\"elementor-element elementor-element-cdde274 elementor-widget elementor-widget-heading\" data-id=\"cdde274\" data-element_type=\"widget\" data-widget_type=\"heading.default\">\n\t\t\t\t<div class=\"elementor-widget-container\">\n\t\t\t\t\t<h3 class=\"elementor-heading-title elementor-size-default\">Conformit\u00e9 et mises \u00e0 jour<\/h3>\t\t\t\t<\/div>\n\t\t\t\t<\/div>\n\t\t\t\t<div class=\"elementor-element elementor-element-e843b44 elementor-widget elementor-widget-text-editor\" data-id=\"e843b44\" data-element_type=\"widget\" data-widget_type=\"text-editor.default\">\n\t\t\t\t<div class=\"elementor-widget-container\">\n\t\t\t\t\t\t\t\t\t<div class=\"elementor-element elementor-element-e8e87b4 elementor-widget elementor-widget-heading\" data-id=\"e8e87b4\" data-element_type=\"widget\" data-widget_type=\"heading.default\"><div class=\"elementor-widget-container\"><p>Le pr\u00e9sent document a \u00e9t\u00e9 mis \u00e0 jour le 6 f\u00e9vrier 2025.<br \/>Document certifi\u00e9 conforme \u00e0 l\u2019usage par :\u00a0<a href=\"https:\/\/redacteurs-legaux-juridiques.com\/\" target=\"_blank\" rel=\"noopener\">RLJ \u2013 R\u00e9dacteurs L\u00e9gaux Juridiques<\/a>.<\/p><\/div><\/div>\t\t\t\t\t\t\t\t<\/div>\n\t\t\t\t<\/div>\n\t\t\t\t\t<\/div>\n\t\t<\/div>\n\t\t\t\t\t<\/div>\n\t\t<\/section>\n\t\t\t\t<\/div>","protected":false},"excerpt":{"rendered":"<p>Mentions l\u00e9gales de jmc-swiss.com Conform\u00e9ment aux lois et r\u00e9glementations applicables en Suisse, notamment la Loi f\u00e9d\u00e9rale sur la protection des donn\u00e9es (LPD) et l\u2019Ordonnance relative \u00e0 la loi f\u00e9d\u00e9rale sur la protection des donn\u00e9es (OCPD), les informations suivantes sont fournies aux utilisateurs et visiteurs du site internet jmc-swiss.com : Identit\u00e9 du site Nom du site [&hellip;]<\/p>","protected":false},"author":2,"featured_media":5500,"parent":0,"menu_order":0,"comment_status":"closed","ping_status":"closed","template":"elementor_theme","meta":{"_monsterinsights_skip_tracking":false,"_monsterinsights_sitenote_active":false,"_monsterinsights_sitenote_note":"","_monsterinsights_sitenote_category":0,"site-sidebar-layout":"no-sidebar","site-content-layout":"","ast-site-content-layout":"default","site-content-style":"default","site-sidebar-style":"default","ast-global-header-display":"","ast-banner-title-visibility":"","ast-main-header-display":"","ast-hfb-above-header-display":"","ast-hfb-below-header-display":"","ast-hfb-mobile-header-display":"","site-post-title":"disabled","ast-breadcrumbs-content":"","ast-featured-img":"","footer-sml-layout":"","theme-transparent-header-meta":"enabled","adv-header-id-meta":"","stick-header-meta":"","header-above-stick-meta":"","header-main-stick-meta":"","header-below-stick-meta":"","astra-migrate-meta-layouts":"set","ast-page-background-enabled":"default","ast-page-background-meta":{"desktop":{"background-color":"","background-image":"","background-repeat":"repeat","background-position":"center center","background-size":"auto","background-attachment":"scroll","background-type":"","background-media":"","overlay-type":"","overlay-color":"","overlay-opacity":"","overlay-gradient":""},"tablet":{"background-color":"","background-image":"","background-repeat":"repeat","background-position":"center center","background-size":"auto","background-attachment":"scroll","background-type":"","background-media":"","overlay-type":"","overlay-color":"","overlay-opacity":"","overlay-gradient":""},"mobile":{"background-color":"","background-image":"","background-repeat":"repeat","background-position":"center center","background-size":"auto","background-attachment":"scroll","background-type":"","background-media":"","overlay-type":"","overlay-color":"","overlay-opacity":"","overlay-gradient":""}},"ast-content-background-meta":{"desktop":{"background-color":"var(--ast-global-color-5)","background-image":"","background-repeat":"repeat","background-position":"center center","background-size":"auto","background-attachment":"scroll","background-type":"","background-media":"","overlay-type":"","overlay-color":"","overlay-opacity":"","overlay-gradient":""},"tablet":{"background-color":"var(--ast-global-color-5)","background-image":"","background-repeat":"repeat","background-position":"center center","background-size":"auto","background-attachment":"scroll","background-type":"","background-media":"","overlay-type":"","overlay-color":"","overlay-opacity":"","overlay-gradient":""},"mobile":{"background-color":"var(--ast-global-color-5)","background-image":"","background-repeat":"repeat","background-position":"center center","background-size":"auto","background-attachment":"scroll","background-type":"","background-media":"","overlay-type":"","overlay-color":"","overlay-opacity":"","overlay-gradient":""}},"footnotes":""},"class_list":["post-2450","page","type-page","status-publish","has-post-thumbnail","hentry"],"_links":{"self":[{"href":"https:\/\/jmc-swiss.com\/en\/wp-json\/wp\/v2\/pages\/2450","targetHints":{"allow":["GET"]}}],"collection":[{"href":"https:\/\/jmc-swiss.com\/en\/wp-json\/wp\/v2\/pages"}],"about":[{"href":"https:\/\/jmc-swiss.com\/en\/wp-json\/wp\/v2\/types\/page"}],"author":[{"embeddable":true,"href":"https:\/\/jmc-swiss.com\/en\/wp-json\/wp\/v2\/users\/2"}],"replies":[{"embeddable":true,"href":"https:\/\/jmc-swiss.com\/en\/wp-json\/wp\/v2\/comments?post=2450"}],"version-history":[{"count":84,"href":"https:\/\/jmc-swiss.com\/en\/wp-json\/wp\/v2\/pages\/2450\/revisions"}],"predecessor-version":[{"id":5920,"href":"https:\/\/jmc-swiss.com\/en\/wp-json\/wp\/v2\/pages\/2450\/revisions\/5920"}],"wp:featuredmedia":[{"embeddable":true,"href":"https:\/\/jmc-swiss.com\/en\/wp-json\/wp\/v2\/media\/5500"}],"wp:attachment":[{"href":"https:\/\/jmc-swiss.com\/en\/wp-json\/wp\/v2\/media?parent=2450"}],"curies":[{"name":"wp","href":"https:\/\/api.w.org\/{rel}","templated":true}]}}