{"id":2923,"date":"2024-05-04T18:59:27","date_gmt":"2024-05-04T16:59:27","guid":{"rendered":"https:\/\/jmc-swiss.com\/?page_id=2923"},"modified":"2025-02-05T20:50:25","modified_gmt":"2025-02-05T19:50:25","slug":"accessibilite","status":"publish","type":"page","link":"https:\/\/jmc-swiss.com\/en\/legal-information\/accessibilite\/","title":{"rendered":"Politique d&rsquo;accessibilit\u00e9"},"content":{"rendered":"<div data-elementor-type=\"wp-page\" data-elementor-id=\"2923\" class=\"elementor elementor-2923\" data-elementor-post-type=\"page\">\n\t\t\t\t\t\t<section class=\"elementor-section elementor-top-section elementor-element elementor-element-ede6f42 elementor-section-boxed elementor-section-height-default elementor-section-height-default\" data-id=\"ede6f42\" data-element_type=\"section\" data-settings=\"{&quot;background_background&quot;:&quot;classic&quot;}\">\n\t\t\t\t\t\t\t<div class=\"elementor-background-overlay\"><\/div>\n\t\t\t\t\t\t\t<div class=\"elementor-container elementor-column-gap-default\">\n\t\t\t\t\t<div class=\"elementor-column elementor-col-100 elementor-top-column elementor-element elementor-element-bc6a053\" data-id=\"bc6a053\" data-element_type=\"column\">\n\t\t\t<div class=\"elementor-widget-wrap elementor-element-populated\">\n\t\t\t\t\t\t<div class=\"elementor-element elementor-element-32a6ad1b elementor-widget elementor-widget-heading\" data-id=\"32a6ad1b\" data-element_type=\"widget\" data-widget_type=\"heading.default\">\n\t\t\t\t<div class=\"elementor-widget-container\">\n\t\t\t\t\t<h1 class=\"elementor-heading-title elementor-size-default\">Politique d&rsquo;accessibilit\u00e9<\/h1>\t\t\t\t<\/div>\n\t\t\t\t<\/div>\n\t\t\t\t\t<\/div>\n\t\t<\/div>\n\t\t\t\t\t<\/div>\n\t\t<\/section>\n\t\t\t\t<section class=\"elementor-section elementor-top-section elementor-element elementor-element-0e58643 elementor-section-boxed elementor-section-height-default elementor-section-height-default\" data-id=\"0e58643\" data-element_type=\"section\">\n\t\t\t\t\t\t<div class=\"elementor-container elementor-column-gap-default\">\n\t\t\t\t\t<div class=\"elementor-column elementor-col-100 elementor-top-column elementor-element elementor-element-5a3ebbb\" data-id=\"5a3ebbb\" data-element_type=\"column\">\n\t\t\t<div class=\"elementor-widget-wrap elementor-element-populated\">\n\t\t\t\t\t\t<div class=\"elementor-element elementor-element-05ae704 elementor-widget elementor-widget-heading\" data-id=\"05ae704\" data-element_type=\"widget\" data-widget_type=\"heading.default\">\n\t\t\t\t<div class=\"elementor-widget-container\">\n\t\t\t\t\t<h2 class=\"elementor-heading-title elementor-size-default\">Politique d'accessibilit\u00e9 de jmc-swiss.com<\/h2>\t\t\t\t<\/div>\n\t\t\t\t<\/div>\n\t\t\t\t<div class=\"elementor-element elementor-element-0d688e9 elementor-widget elementor-widget-text-editor\" data-id=\"0d688e9\" data-element_type=\"widget\" data-widget_type=\"text-editor.default\">\n\t\t\t\t<div class=\"elementor-widget-container\">\n\t\t\t\t\t\t\t\t\t<p>Selon la d\u00e9finition de l\u2019accessibilit\u00e9 du Web, par Tim Berners-Lee, le directeur du W3C et inventeur du World Wide Web, est la suivante :<\/p><p>\u00ab Mettre le Web et ses services \u00e0 la disposition de tous les individus, quel que soit leur mat\u00e9riel ou logiciel, leur infrastructure r\u00e9seau, leur langue maternelle, leur culture, leur localisation g\u00e9ographique, ou leurs aptitudes physiques ou mentales. \u00bb<\/p>\t\t\t\t\t\t\t\t<\/div>\n\t\t\t\t<\/div>\n\t\t\t\t<div class=\"elementor-element elementor-element-1494506 elementor-widget elementor-widget-heading\" data-id=\"1494506\" data-element_type=\"widget\" data-widget_type=\"heading.default\">\n\t\t\t\t<div class=\"elementor-widget-container\">\n\t\t\t\t\t<h3 class=\"elementor-heading-title elementor-size-default\">Tailles des polices relatives<\/h3>\t\t\t\t<\/div>\n\t\t\t\t<\/div>\n\t\t\t\t<div class=\"elementor-element elementor-element-65dab7c elementor-widget elementor-widget-text-editor\" data-id=\"65dab7c\" data-element_type=\"widget\" data-widget_type=\"text-editor.default\">\n\t\t\t\t<div class=\"elementor-widget-container\">\n\t\t\t\t\t\t\t\t\t<p>Le site utilise des tailles de police relatives afin de vous permettre d\u2019adapter la dimension des caract\u00e8res affich\u00e9s \u00e0 l\u2019aide des commandes de votre navigateur.<br \/>Vous pouvez ainsi r\u00e9gler la taille des caract\u00e8res \u00e0 votre convenance, toutefois au-del\u00e0 d\u2019une certaine taille, certains \u00e9l\u00e9ments peuvent se chevaucher et rendre la lecture difficile.<\/p>\t\t\t\t\t\t\t\t<\/div>\n\t\t\t\t<\/div>\n\t\t\t\t<div class=\"elementor-element elementor-element-1288ad4 elementor-widget elementor-widget-heading\" data-id=\"1288ad4\" data-element_type=\"widget\" data-widget_type=\"heading.default\">\n\t\t\t\t<div class=\"elementor-widget-container\">\n\t\t\t\t\t<h3 class=\"elementor-heading-title elementor-size-default\">Contenu relatif et dimensionnement<\/h3>\t\t\t\t<\/div>\n\t\t\t\t<\/div>\n\t\t\t\t<div class=\"elementor-element elementor-element-84a3c72 elementor-widget elementor-widget-text-editor\" data-id=\"84a3c72\" data-element_type=\"widget\" data-widget_type=\"text-editor.default\">\n\t\t\t\t<div class=\"elementor-widget-container\">\n\t\t\t\t\t\t\t\t\t<p class=\"p1\">Ce site web se veut aussi accessible que possible mais n\u2019est pas parfait.<\/p><p class=\"p1\">Respect des standards : ce site respecte les standards du\u00a0<a href=\"http:\/\/www.w3.org\/\" target=\"_blank\" rel=\"external noopener\">W3C<\/a>\u00a0en terme de d\u00e9veloppement de pages web. Seules les pages principales (accueil, contacts, plan du site, moteur de recherche, \u2026 et quelques pages de contenus) ont \u00e9t\u00e9 test\u00e9es.<\/p><p>Les tailles des blocs composant la page (menus, contenu \u2026) sont exprim\u00e9es en unit\u00e9 relative, leurs dimensions s\u2019adaptent donc au contenu.<\/p><p>Les tailles des caract\u00e8res sont d\u00e9finies avec des unit\u00e9s proportionnelles, c\u2019est-\u00e0-dire que vous pouvez modifier la taille des carat\u00e8res \u00e0 votre convenance en utilisant les fonctionnalit\u00e9s de votre navigateur :<\/p><ul><li>dans la plupart des navigateurs :\u00a0<kbd>Ctrl<\/kbd>\u00a0+ \u00ab molette de la souris \u00bb fonctionne correctement,<\/li><li>Internet Explorer : menu \u00ab Affichage \u00bb -&gt; \u00ab Taille du texte \u00bb et choisissez la taille qui vous convient,<\/li><li>Mozilla, Firefox ou Netscape : faites\u00a0<kbd>Ctrl<\/kbd>\u00a0+\u00a0<kbd>+<\/kbd>\u00a0pour agrandir le texte et\u00a0<kbd>Ctrl<\/kbd>\u00a0+\u00a0<kbd>-<\/kbd>\u00a0pour le diminuer,<\/li><li>Opera : appuyez sur les touches\u00a0<kbd>+<\/kbd>\u00a0ou\u00a0<kbd>-<\/kbd>\u00a0du pav\u00e9 num\u00e9rique, allez dans dans le menu \u00ab Affichage \u00bb -&gt; \u00ab Zoom \u00bb et choisir le niveau de zoom qui vous convient.<\/li><\/ul><p>L\u2019utilisation de ces raccourcis clavier d\u00e9pend de votre navigateur et de votre syst\u00e8me d\u2019exploitation :<\/p><p>Pour Windows :<\/p><ul><li>Goocle Chrome, Mozilla Firefox, Safari, Netscape :\u00a0<kbd>Alt<\/kbd>\u00a0+\u00a0<kbd>Shift<\/kbd>, puis \u00ab Raccourci clavier \u00bb<\/li><li>Internet Explorer :\u00a0<kbd>Alt<\/kbd>\u00a0+ \u00ab Raccourci clavier \u00bb, puis\u00a0<kbd>Entr\u00e9e<\/kbd><\/li><li>Opera :\u00a0<kbd>Esc<\/kbd>\u00a0(\u00e9chappement) +\u00a0<kbd>Shift<\/kbd>\u00a0(majuscule), puis \u00ab Raccourci clavier \u00bb<\/li><\/ul><p>Pour Macintosh :<\/p><ul><li>Mozilla, Netscape :\u00a0<kbd>Ctrl<\/kbd>\u00a0+ \u00ab Raccourci clavier \u00bb<\/li><li>Internet Explorer, Safari :\u00a0<kbd>Ctrl<\/kbd>\u00a0+ \u00ab Raccourci clavier \u00bb, puis\u00a0<kbd>Entr\u00e9e<\/kbd><\/li><li>Opera :\u00a0<kbd>Esc<\/kbd>\u00a0(\u00e9chappement) +\u00a0<kbd>Shift<\/kbd>\u00a0(majuscule), puis \u00ab Raccourci clavier<\/li><\/ul><p>Pour Linux :<\/p><ul><li>Mozilla Firefox :\u00a0<kbd>Alt<\/kbd>\u00a0+ \u00ab Raccourci clavier \u00bb<\/li><li>Konqueror (3.3 ou +) :\u00a0<kbd>Ctrl<\/kbd>, puis \u00ab Raccourci clavier \u00bb<\/li><li>Opera 7 :\u00a0<kbd>Esc<\/kbd>\u00a0(\u00e9chappement) +\u00a0<kbd>Shift<\/kbd>\u00a0(majuscule), puis \u00ab Raccourci clavier \u00bb<\/li><\/ul>\t\t\t\t\t\t\t\t<\/div>\n\t\t\t\t<\/div>\n\t\t\t\t\t<\/div>\n\t\t<\/div>\n\t\t\t\t\t<\/div>\n\t\t<\/section>\n\t\t\t\t<\/div>","protected":false},"excerpt":{"rendered":"<p>Politique d&rsquo;accessibilit\u00e9 de jmc-swiss.com Selon la d\u00e9finition de l\u2019accessibilit\u00e9 du Web, par Tim Berners-Lee, le directeur du W3C et inventeur du World Wide Web, est la suivante : \u00ab Mettre le Web et ses services \u00e0 la disposition de tous les individus, quel que soit leur mat\u00e9riel ou logiciel, leur infrastructure r\u00e9seau, leur langue maternelle, [&hellip;]<\/p>","protected":false},"author":2,"featured_media":0,"parent":2450,"menu_order":0,"comment_status":"closed","ping_status":"closed","template":"","meta":{"_monsterinsights_skip_tracking":false,"_monsterinsights_sitenote_active":false,"_monsterinsights_sitenote_note":"","_monsterinsights_sitenote_category":0,"site-sidebar-layout":"no-sidebar","site-content-layout":null,"ast-site-content-layout":"full-width-container","site-content-style":"unboxed","site-sidebar-style":"unboxed","ast-global-header-display":"","ast-banner-title-visibility":"","ast-main-header-display":"","ast-hfb-above-header-display":"","ast-hfb-below-header-display":null,"ast-hfb-mobile-header-display":"","site-post-title":"disabled","ast-breadcrumbs-content":null,"ast-featured-img":"","footer-sml-layout":null,"theme-transparent-header-meta":"enabled","adv-header-id-meta":"","stick-header-meta":"","header-above-stick-meta":"","header-main-stick-meta":"","header-below-stick-meta":null,"astra-migrate-meta-layouts":"default","ast-page-background-enabled":"default","ast-page-background-meta":{"desktop":{"background-color":"","background-image":"","background-repeat":"repeat","background-position":"center center","background-size":"auto","background-attachment":"scroll","background-type":"","background-media":"","overlay-type":"","overlay-color":"","overlay-opacity":"","overlay-gradient":""},"tablet":{"background-color":"","background-image":"","background-repeat":"repeat","background-position":"center center","background-size":"auto","background-attachment":"scroll","background-type":"","background-media":"","overlay-type":"","overlay-color":"","overlay-opacity":"","overlay-gradient":""},"mobile":{"background-color":"","background-image":"","background-repeat":"repeat","background-position":"center center","background-size":"auto","background-attachment":"scroll","background-type":"","background-media":"","overlay-type":"","overlay-color":"","overlay-opacity":"","overlay-gradient":""}},"ast-content-background-meta":{"desktop":{"background-color":"var(--ast-global-color-5)","background-image":"","background-repeat":"repeat","background-position":"center center","background-size":"auto","background-attachment":"scroll","background-type":"","background-media":"","overlay-type":"","overlay-color":"","overlay-opacity":"","overlay-gradient":""},"tablet":{"background-color":"var(--ast-global-color-5)","background-image":"","background-repeat":"repeat","background-position":"center center","background-size":"auto","background-attachment":"scroll","background-type":"","background-media":"","overlay-type":"","overlay-color":"","overlay-opacity":"","overlay-gradient":""},"mobile":{"background-color":"var(--ast-global-color-5)","background-image":"","background-repeat":"repeat","background-position":"center center","background-size":"auto","background-attachment":"scroll","background-type":"","background-media":"","overlay-type":"","overlay-color":"","overlay-opacity":"","overlay-gradient":""}},"footnotes":""},"class_list":["post-2923","page","type-page","status-publish","hentry"],"_links":{"self":[{"href":"https:\/\/jmc-swiss.com\/en\/wp-json\/wp\/v2\/pages\/2923","targetHints":{"allow":["GET"]}}],"collection":[{"href":"https:\/\/jmc-swiss.com\/en\/wp-json\/wp\/v2\/pages"}],"about":[{"href":"https:\/\/jmc-swiss.com\/en\/wp-json\/wp\/v2\/types\/page"}],"author":[{"embeddable":true,"href":"https:\/\/jmc-swiss.com\/en\/wp-json\/wp\/v2\/users\/2"}],"replies":[{"embeddable":true,"href":"https:\/\/jmc-swiss.com\/en\/wp-json\/wp\/v2\/comments?post=2923"}],"version-history":[{"count":4,"href":"https:\/\/jmc-swiss.com\/en\/wp-json\/wp\/v2\/pages\/2923\/revisions"}],"predecessor-version":[{"id":5627,"href":"https:\/\/jmc-swiss.com\/en\/wp-json\/wp\/v2\/pages\/2923\/revisions\/5627"}],"up":[{"embeddable":true,"href":"https:\/\/jmc-swiss.com\/en\/wp-json\/wp\/v2\/pages\/2450"}],"wp:attachment":[{"href":"https:\/\/jmc-swiss.com\/en\/wp-json\/wp\/v2\/media?parent=2923"}],"curies":[{"name":"wp","href":"https:\/\/api.w.org\/{rel}","templated":true}]}}