{"id":5361,"date":"2025-02-03T17:04:50","date_gmt":"2025-02-03T16:04:50","guid":{"rendered":"https:\/\/jmc-swiss.com\/?page_id=5361"},"modified":"2025-02-03T17:40:55","modified_gmt":"2025-02-03T16:40:55","slug":"cgv","status":"publish","type":"page","link":"https:\/\/jmc-swiss.com\/es\/mentions-legales\/cgv\/","title":{"rendered":"Condiciones Generales de Venta"},"content":{"rendered":"<div data-elementor-type=\"wp-page\" data-elementor-id=\"5361\" class=\"elementor elementor-5361\" data-elementor-post-type=\"page\">\n\t\t\t\t\t\t<section class=\"elementor-section elementor-top-section elementor-element elementor-element-ede6f42 elementor-section-full_width elementor-section-height-default elementor-section-height-default\" data-id=\"ede6f42\" data-element_type=\"section\" data-settings=\"{&quot;background_background&quot;:&quot;classic&quot;}\">\n\t\t\t\t\t\t\t<div class=\"elementor-background-overlay\"><\/div>\n\t\t\t\t\t\t\t<div class=\"elementor-container elementor-column-gap-default\">\n\t\t\t\t\t<div class=\"elementor-column elementor-col-100 elementor-top-column elementor-element elementor-element-bc6a053\" data-id=\"bc6a053\" data-element_type=\"column\">\n\t\t\t<div class=\"elementor-widget-wrap elementor-element-populated\">\n\t\t\t\t\t\t<div class=\"elementor-element elementor-element-32a6ad1b elementor-widget elementor-widget-heading\" data-id=\"32a6ad1b\" data-element_type=\"widget\" data-widget_type=\"heading.default\">\n\t\t\t\t<div class=\"elementor-widget-container\">\n\t\t\t\t\t<h1 class=\"elementor-heading-title elementor-size-default\">Conditions G\u00e9n\u00e9rales de Vente (CGV)<\/h1>\t\t\t\t<\/div>\n\t\t\t\t<\/div>\n\t\t\t\t\t<\/div>\n\t\t<\/div>\n\t\t\t\t\t<\/div>\n\t\t<\/section>\n\t\t\t\t<section class=\"elementor-section elementor-top-section elementor-element elementor-element-0e58643 elementor-section-boxed elementor-section-height-default elementor-section-height-default\" data-id=\"0e58643\" data-element_type=\"section\">\n\t\t\t\t\t\t<div class=\"elementor-container elementor-column-gap-default\">\n\t\t\t\t\t<div class=\"elementor-column elementor-col-100 elementor-top-column elementor-element elementor-element-5a3ebbb\" data-id=\"5a3ebbb\" data-element_type=\"column\">\n\t\t\t<div class=\"elementor-widget-wrap elementor-element-populated\">\n\t\t\t\t\t\t<div class=\"elementor-element elementor-element-05ae704 elementor-widget elementor-widget-heading\" data-id=\"05ae704\" data-element_type=\"widget\" data-widget_type=\"heading.default\">\n\t\t\t\t<div class=\"elementor-widget-container\">\n\t\t\t\t\t<h2 class=\"elementor-heading-title elementor-size-default\">Conditions g\u00e9n\u00e9rales de ventes, prestations de services et remboursement de jmc-technologies.com<\/h2>\t\t\t\t<\/div>\n\t\t\t\t<\/div>\n\t\t\t\t<div class=\"elementor-element elementor-element-0d688e9 elementor-widget elementor-widget-text-editor\" data-id=\"0d688e9\" data-element_type=\"widget\" data-widget_type=\"text-editor.default\">\n\t\t\t\t<div class=\"elementor-widget-container\">\n\t\t\t\t\t\t\t\t\t<p class=\"p1\">Les pr\u00e9sentes Conditions G\u00e9n\u00e9rales de Ventes (CGV) s&rsquo;appliquent dans leur int\u00e9gralit\u00e9 \u00e0 toute commande pass\u00e9e sur notre site internet ou par commande papier.<\/p>\t\t\t\t\t\t\t\t<\/div>\n\t\t\t\t<\/div>\n\t\t\t\t<div class=\"elementor-element elementor-element-1494506 elementor-widget elementor-widget-heading\" data-id=\"1494506\" data-element_type=\"widget\" data-widget_type=\"heading.default\">\n\t\t\t\t<div class=\"elementor-widget-container\">\n\t\t\t\t\t<h3 class=\"elementor-heading-title elementor-size-default\">1. Produits<\/h3>\t\t\t\t<\/div>\n\t\t\t\t<\/div>\n\t\t\t\t<div class=\"elementor-element elementor-element-65dab7c elementor-widget elementor-widget-text-editor\" data-id=\"65dab7c\" data-element_type=\"widget\" data-widget_type=\"text-editor.default\">\n\t\t\t\t<div class=\"elementor-widget-container\">\n\t\t\t\t\t\t\t\t\t<p class=\"p1\">Un descriptif d\u00e9taill\u00e9 des produits figure sur notre site internet. Nous nous r\u00e9servons le droit de modifier l&rsquo;assortiment de nos produits et\/ou les prix.<\/p>\t\t\t\t\t\t\t\t<\/div>\n\t\t\t\t<\/div>\n\t\t\t\t<div class=\"elementor-element elementor-element-1288ad4 elementor-widget elementor-widget-heading\" data-id=\"1288ad4\" data-element_type=\"widget\" data-widget_type=\"heading.default\">\n\t\t\t\t<div class=\"elementor-widget-container\">\n\t\t\t\t\t<h3 class=\"elementor-heading-title elementor-size-default\">2. Prix<\/h3>\t\t\t\t<\/div>\n\t\t\t\t<\/div>\n\t\t\t\t<div class=\"elementor-element elementor-element-2fc8ebf elementor-widget elementor-widget-text-editor\" data-id=\"2fc8ebf\" data-element_type=\"widget\" data-widget_type=\"text-editor.default\">\n\t\t\t\t<div class=\"elementor-widget-container\">\n\t\t\t\t\t\t\t\t\t<p class=\"p1\">Les prix des produits sont indiqu\u00e9s en Euros toutes taxes comprises (T.T.C.). Les frais de port sont offerts \u00e0 partir de 100,00 Euros de commande, pour les commandes livr\u00e9es \u00e0 la Poste. <br \/>Nous demandons une participation de 15,00\u20ac de frais pour les commandes livr\u00e9es \u00e0 domicile <b>SANS<\/b> <b>signature<\/b> et 18,00\u20ac pour celles <b>AVEC<\/b> <b>signature<\/b>.<\/p>\t\t\t\t\t\t\t\t<\/div>\n\t\t\t\t<\/div>\n\t\t\t\t<div class=\"elementor-element elementor-element-26947ce elementor-widget elementor-widget-heading\" data-id=\"26947ce\" data-element_type=\"widget\" data-widget_type=\"heading.default\">\n\t\t\t\t<div class=\"elementor-widget-container\">\n\t\t\t\t\t<h3 class=\"elementor-heading-title elementor-size-default\">3. Commandes<\/h3>\t\t\t\t<\/div>\n\t\t\t\t<\/div>\n\t\t\t\t<div class=\"elementor-element elementor-element-84a3c72 elementor-widget elementor-widget-text-editor\" data-id=\"84a3c72\" data-element_type=\"widget\" data-widget_type=\"text-editor.default\">\n\t\t\t\t<div class=\"elementor-widget-container\">\n\t\t\t\t\t\t\t\t\t<p class=\"p1\">Le client est tenu de v\u00e9rifier l&rsquo;exactitude et le caract\u00e8re exhaustif des renseignements qu&rsquo;il fournit (adresse de facturation, adresse de livraison &#8230;). Nous ne pourrons en aucun cas \u00eatre tenu responsable en cas de retard ou d&rsquo;erreur de livraison ayant pour origine des renseignements inexacts ou incomplets.<\/p>\t\t\t\t\t\t\t\t<\/div>\n\t\t\t\t<\/div>\n\t\t\t\t<div class=\"elementor-element elementor-element-b30308d elementor-widget elementor-widget-heading\" data-id=\"b30308d\" data-element_type=\"widget\" data-widget_type=\"heading.default\">\n\t\t\t\t<div class=\"elementor-widget-container\">\n\t\t\t\t\t<h3 class=\"elementor-heading-title elementor-size-default\">4. Commandes en ligne<\/h3>\t\t\t\t<\/div>\n\t\t\t\t<\/div>\n\t\t\t\t<div class=\"elementor-element elementor-element-e4e0d29 elementor-widget elementor-widget-text-editor\" data-id=\"e4e0d29\" data-element_type=\"widget\" data-widget_type=\"text-editor.default\">\n\t\t\t\t<div class=\"elementor-widget-container\">\n\t\t\t\t\t\t\t\t\t<p class=\"p1\">Apr\u00e8s la s\u00e9lection des produits souhait\u00e9s, un bon de commande r\u00e9capitulatif appara\u00eet sur l&rsquo;\u00e9cran et pourra, le cas \u00e9ch\u00e9ant, \u00eatre modifi\u00e9 par le client. Si ce bon de commande r\u00e9capitulatif correspond aux souhaits du client, il valide cette premi\u00e8re page puis la seconde page de confirmation. \u00c0 l&rsquo;issue de cette seconde validation, la commande du client est d\u00e9finitive. Le client recevra dans les meilleurs d\u00e9lais, par courrier \u00e9lectronique, un accus\u00e9 de r\u00e9ception de sa commande. Toute r\u00e9clamation peut \u00eatre adress\u00e9e \u00e0 notre soci\u00e9t\u00e9 \u00e0 l&rsquo;adresse mentionn\u00e9e sur le site internet ou sur le bon de commande.<\/p>\t\t\t\t\t\t\t\t<\/div>\n\t\t\t\t<\/div>\n\t\t\t\t<div class=\"elementor-element elementor-element-9aa104e elementor-widget elementor-widget-heading\" data-id=\"9aa104e\" data-element_type=\"widget\" data-widget_type=\"heading.default\">\n\t\t\t\t<div class=\"elementor-widget-container\">\n\t\t\t\t\t<h3 class=\"elementor-heading-title elementor-size-default\">5. Livraison<\/h3>\t\t\t\t<\/div>\n\t\t\t\t<\/div>\n\t\t\t\t<div class=\"elementor-element elementor-element-ab98066 elementor-widget elementor-widget-text-editor\" data-id=\"ab98066\" data-element_type=\"widget\" data-widget_type=\"text-editor.default\">\n\t\t\t\t<div class=\"elementor-widget-container\">\n\t\t\t\t\t\t\t\t\t<p class=\"p1\">Les produits sont livr\u00e9s \u00e0 l&rsquo;adresse qui a \u00e9t\u00e9 indiqu\u00e9e lors de la passation de commande et dans les d\u00e9lais fix\u00e9s (sauf cas de force majeure). En cas d&rsquo;absence du client lors du passage du facteur, il appartient au client de faire le n\u00e9cessaire pour proc\u00e9der au retrait des produits dans les conditions mentionn\u00e9es sur l&rsquo;avis de passage. En cas d&rsquo;avarie ou de perte li\u00e9e au transport, il appartient au client de mentionner ses r\u00e9serves sur le bon de livraison et de les confirmer par lettre recommand\u00e9e avec accus\u00e9 de r\u00e9ception dans les Trois (3) jours, non compris les jours f\u00e9ri\u00e9s, qui suivent la r\u00e9ception.<\/p>\t\t\t\t\t\t\t\t<\/div>\n\t\t\t\t<\/div>\n\t\t\t\t<div class=\"elementor-element elementor-element-17cd2f5 elementor-widget elementor-widget-heading\" data-id=\"17cd2f5\" data-element_type=\"widget\" data-widget_type=\"heading.default\">\n\t\t\t\t<div class=\"elementor-widget-container\">\n\t\t\t\t\t<h3 class=\"elementor-heading-title elementor-size-default\">6. Droit de r\u00e9tractation<\/h3>\t\t\t\t<\/div>\n\t\t\t\t<\/div>\n\t\t\t\t<div class=\"elementor-element elementor-element-ae1a6ac elementor-widget elementor-widget-text-editor\" data-id=\"ae1a6ac\" data-element_type=\"widget\" data-widget_type=\"text-editor.default\">\n\t\t\t\t<div class=\"elementor-widget-container\">\n\t\t\t\t\t\t\t\t\t<p class=\"p1\">Si le client a pass\u00e9 sa commande en qualit\u00e9 de consommateur et qu&rsquo;il n&rsquo;ait pas satisfait des produits livr\u00e9s, il dispose d\u2019un d\u00e9lai de Quatorze (14) jours francs \u00e0 compter de la r\u00e9ception des produits pour nous les retourner dans leur emballage d&rsquo;origine, en parfait \u00e9tat et nous en demander le remboursement. Les produits retourn\u00e9s incomplets, ab\u00eem\u00e9s, endommag\u00e9s ou salis ne seront ni repris, ni rembourser.<\/p><p>Vous pouvez t\u00e9l\u00e9charger un formulaire de r\u00e9tractation en cliquant sur ce lien : <a href=\"https:\/\/jmc-swiss.com\/wp-content\/uploads\/2025\/02\/CGVs-Retractation-de-JMC-Technologies.pdf\">Formulaire de r\u00e9tractation<\/a>.<\/p>\t\t\t\t\t\t\t\t<\/div>\n\t\t\t\t<\/div>\n\t\t\t\t<div class=\"elementor-element elementor-element-17d36c1 elementor-widget elementor-widget-heading\" data-id=\"17d36c1\" data-element_type=\"widget\" data-widget_type=\"heading.default\">\n\t\t\t\t<div class=\"elementor-widget-container\">\n\t\t\t\t\t<h3 class=\"elementor-heading-title elementor-size-default\">7. Paiement<\/h3>\t\t\t\t<\/div>\n\t\t\t\t<\/div>\n\t\t\t\t<div class=\"elementor-element elementor-element-66be260 elementor-widget elementor-widget-text-editor\" data-id=\"66be260\" data-element_type=\"widget\" data-widget_type=\"text-editor.default\">\n\t\t\t\t<div class=\"elementor-widget-container\">\n\t\t\t\t\t\t\t\t\t<p class=\"p1\">Sauf accord contraire des parties, le paiement est imm\u00e9diat \u00e0 la commande. Tout retard de paiement entra\u00eenera de plein droit l&rsquo;application d&rsquo;une p\u00e9nalit\u00e9 de retard correspondant \u00e0 Trois (3) fois le taux d&rsquo;int\u00e9r\u00eat l\u00e9gal.<\/p>\t\t\t\t\t\t\t\t<\/div>\n\t\t\t\t<\/div>\n\t\t\t\t<div class=\"elementor-element elementor-element-0fe8f3a elementor-widget elementor-widget-heading\" data-id=\"0fe8f3a\" data-element_type=\"widget\" data-widget_type=\"heading.default\">\n\t\t\t\t<div class=\"elementor-widget-container\">\n\t\t\t\t\t<h3 class=\"elementor-heading-title elementor-size-default\">8. Protection des donn\u00e9es personnelles<\/h3>\t\t\t\t<\/div>\n\t\t\t\t<\/div>\n\t\t\t\t<div class=\"elementor-element elementor-element-a04fe6b elementor-widget elementor-widget-text-editor\" data-id=\"a04fe6b\" data-element_type=\"widget\" data-widget_type=\"text-editor.default\">\n\t\t\t\t<div class=\"elementor-widget-container\">\n\t\t\t\t\t\t\t\t\t<p class=\"p1\">Nous pouvons \u00eatre amen\u00e9s \u00e0 collecter et traiter certaines de vos donn\u00e9es personnelles, uniquement pour des raisons li\u00e9es \u00e0 la commande, la livraison, l&rsquo;information. EN AUCUN CAS, vos donn\u00e9es personnelles ne seront vendues \u00e0 des annuaires ou prestataires. JMC TECHNOLOGIES SAS s&rsquo;y engage formellement. <br \/>Vous pouvez prendre connaissance de notre politique de protection des donn\u00e9es personnelles.<\/p><p class=\"p1\">Conform\u00e9ment \u00e0 la loi fran\u00e7aise Informatique et Libert\u00e9 n\u00b078-17 du 6 janvier 1978, le Client dispose d&rsquo;un droit d&rsquo;acc\u00e8s, de rectification et de suppression des donn\u00e9es le concernant qu&rsquo;il peut exercer en envoyant un courrier ou un e-mail \u00e0 <b>JMC TECHNOLO<\/b><b>GIES SAS<\/b> \/ Coordonn\u00e9es : 36 RUE CHEVALIER BLANC 83000 TOULON \u2013 <span class=\"s1\">info@jmc-technologies.com<\/span><\/p>\t\t\t\t\t\t\t\t<\/div>\n\t\t\t\t<\/div>\n\t\t\t\t<div class=\"elementor-element elementor-element-33dac18 elementor-widget elementor-widget-heading\" data-id=\"33dac18\" data-element_type=\"widget\" data-widget_type=\"heading.default\">\n\t\t\t\t<div class=\"elementor-widget-container\">\n\t\t\t\t\t<h3 class=\"elementor-heading-title elementor-size-default\">9. Conformit\u00e9 des produits - Garanties<\/h3>\t\t\t\t<\/div>\n\t\t\t\t<\/div>\n\t\t\t\t<div class=\"elementor-element elementor-element-c62dcdf elementor-widget elementor-widget-text-editor\" data-id=\"c62dcdf\" data-element_type=\"widget\" data-widget_type=\"text-editor.default\">\n\t\t\t\t<div class=\"elementor-widget-container\">\n\t\t\t\t\t\t\t\t\t<p class=\"p1\">Nous garantissons nos produits Deux (2) ans conform\u00e9ment aux dispositions l\u00e9gales en vigueur, une extension de garantie de Trois (3) ans est possible sous conditions particuli\u00e8res et types de produits.<\/p>\t\t\t\t\t\t\t\t<\/div>\n\t\t\t\t<\/div>\n\t\t\t\t<div class=\"elementor-element elementor-element-426ef69 elementor-widget elementor-widget-heading\" data-id=\"426ef69\" data-element_type=\"widget\" data-widget_type=\"heading.default\">\n\t\t\t\t<div class=\"elementor-widget-container\">\n\t\t\t\t\t<h3 class=\"elementor-heading-title elementor-size-default\">10. Clause de r\u00e9serve de propri\u00e9t\u00e9<\/h3>\t\t\t\t<\/div>\n\t\t\t\t<\/div>\n\t\t\t\t<div class=\"elementor-element elementor-element-aad1852 elementor-widget elementor-widget-text-editor\" data-id=\"aad1852\" data-element_type=\"widget\" data-widget_type=\"text-editor.default\">\n\t\t\t\t<div class=\"elementor-widget-container\">\n\t\t\t\t\t\t\t\t\t<p class=\"p1\">Les produits sont vendus sous r\u00e9serve de propri\u00e9t\u00e9 jusqu&rsquo;au paiement int\u00e9gral de leur prix.<\/p>\t\t\t\t\t\t\t\t<\/div>\n\t\t\t\t<\/div>\n\t\t\t\t<div class=\"elementor-element elementor-element-cc315f8 elementor-widget elementor-widget-heading\" data-id=\"cc315f8\" data-element_type=\"widget\" data-widget_type=\"heading.default\">\n\t\t\t\t<div class=\"elementor-widget-container\">\n\t\t\t\t\t<h3 class=\"elementor-heading-title elementor-size-default\">11. Droit applicable - Juridiction comp\u00e9tente<\/h3>\t\t\t\t<\/div>\n\t\t\t\t<\/div>\n\t\t\t\t<div class=\"elementor-element elementor-element-dd4bcf9 elementor-widget elementor-widget-text-editor\" data-id=\"dd4bcf9\" data-element_type=\"widget\" data-widget_type=\"text-editor.default\">\n\t\t\t\t<div class=\"elementor-widget-container\">\n\t\t\t\t\t\t\t\t\t<p class=\"p1\">Les relations entre les parties sont r\u00e9gies par le droit fran\u00e7ais. En cas de litige, les tribunaux fran\u00e7ais seront seuls comp\u00e9tents. Les ventes \u00e9tant conclues aux conditions \u00ab\u00a0<b>D\u00e9parts<\/b>\u00ab\u00a0, nous d\u00e9clinons toute responsabilit\u00e9 en cas de perte ou de vol pour les exp\u00e9ditions non assur\u00e9es.<\/p>\t\t\t\t\t\t\t\t<\/div>\n\t\t\t\t<\/div>\n\t\t\t\t<div class=\"elementor-element elementor-element-cdde274 elementor-widget elementor-widget-heading\" data-id=\"cdde274\" data-element_type=\"widget\" data-widget_type=\"heading.default\">\n\t\t\t\t<div class=\"elementor-widget-container\">\n\t\t\t\t\t<h3 class=\"elementor-heading-title elementor-size-default\">Conformit\u00e9 et mises \u00e0 jour<\/h3>\t\t\t\t<\/div>\n\t\t\t\t<\/div>\n\t\t\t\t<div class=\"elementor-element elementor-element-e843b44 elementor-widget elementor-widget-text-editor\" data-id=\"e843b44\" data-element_type=\"widget\" data-widget_type=\"text-editor.default\">\n\t\t\t\t<div class=\"elementor-widget-container\">\n\t\t\t\t\t\t\t\t\t<div class=\"elementor-element elementor-element-e8e87b4 elementor-widget elementor-widget-heading\" data-id=\"e8e87b4\" data-element_type=\"widget\" data-widget_type=\"heading.default\"><div class=\"elementor-widget-container\"><p>Le pr\u00e9sent document a \u00e9t\u00e9 mis \u00e0 jour le 3 f\u00e9vrier 2025.<\/p><\/div><\/div>\t\t\t\t\t\t\t\t<\/div>\n\t\t\t\t<\/div>\n\t\t\t\t\t<\/div>\n\t\t<\/div>\n\t\t\t\t\t<\/div>\n\t\t<\/section>\n\t\t\t\t<\/div>","protected":false},"excerpt":{"rendered":"<p>Conditions G\u00e9n\u00e9rales de Vente (CGV) Conditions g\u00e9n\u00e9rales de ventes, prestations de services et remboursement de jmc-technologies.com Les pr\u00e9sentes Conditions G\u00e9n\u00e9rales de Ventes (CGV) s&rsquo;appliquent dans leur int\u00e9gralit\u00e9 \u00e0 toute commande pass\u00e9e sur notre site internet ou par commande papier. 1. Produits Un descriptif d\u00e9taill\u00e9 des produits figure sur notre site internet. Nous nous r\u00e9servons le [&hellip;]<\/p>","protected":false},"author":2,"featured_media":3488,"parent":2450,"menu_order":0,"comment_status":"closed","ping_status":"closed","template":"elementor_theme","meta":{"_monsterinsights_skip_tracking":false,"_monsterinsights_sitenote_active":false,"_monsterinsights_sitenote_note":"","_monsterinsights_sitenote_category":0,"site-sidebar-layout":"no-sidebar","site-content-layout":null,"ast-site-content-layout":"default","site-content-style":"default","site-sidebar-style":"default","ast-global-header-display":"","ast-banner-title-visibility":"","ast-main-header-display":"","ast-hfb-above-header-display":"","ast-hfb-below-header-display":null,"ast-hfb-mobile-header-display":"","site-post-title":"disabled","ast-breadcrumbs-content":null,"ast-featured-img":"","footer-sml-layout":null,"theme-transparent-header-meta":"enabled","adv-header-id-meta":"","stick-header-meta":"","header-above-stick-meta":"","header-main-stick-meta":"","header-below-stick-meta":null,"astra-migrate-meta-layouts":"set","ast-page-background-enabled":"default","ast-page-background-meta":{"desktop":{"background-color":"","background-image":"","background-repeat":"repeat","background-position":"center center","background-size":"auto","background-attachment":"scroll","background-type":"","background-media":"","overlay-type":"","overlay-color":"","overlay-opacity":"","overlay-gradient":""},"tablet":{"background-color":"","background-image":"","background-repeat":"repeat","background-position":"center center","background-size":"auto","background-attachment":"scroll","background-type":"","background-media":"","overlay-type":"","overlay-color":"","overlay-opacity":"","overlay-gradient":""},"mobile":{"background-color":"","background-image":"","background-repeat":"repeat","background-position":"center center","background-size":"auto","background-attachment":"scroll","background-type":"","background-media":"","overlay-type":"","overlay-color":"","overlay-opacity":"","overlay-gradient":""}},"ast-content-background-meta":{"desktop":{"background-color":"var(--ast-global-color-5)","background-image":"","background-repeat":"repeat","background-position":"center center","background-size":"auto","background-attachment":"scroll","background-type":"","background-media":"","overlay-type":"","overlay-color":"","overlay-opacity":"","overlay-gradient":""},"tablet":{"background-color":"var(--ast-global-color-5)","background-image":"","background-repeat":"repeat","background-position":"center center","background-size":"auto","background-attachment":"scroll","background-type":"","background-media":"","overlay-type":"","overlay-color":"","overlay-opacity":"","overlay-gradient":""},"mobile":{"background-color":"var(--ast-global-color-5)","background-image":"","background-repeat":"repeat","background-position":"center center","background-size":"auto","background-attachment":"scroll","background-type":"","background-media":"","overlay-type":"","overlay-color":"","overlay-opacity":"","overlay-gradient":""}},"footnotes":""},"class_list":["post-5361","page","type-page","status-publish","has-post-thumbnail","hentry"],"_links":{"self":[{"href":"https:\/\/jmc-swiss.com\/es\/wp-json\/wp\/v2\/pages\/5361","targetHints":{"allow":["GET"]}}],"collection":[{"href":"https:\/\/jmc-swiss.com\/es\/wp-json\/wp\/v2\/pages"}],"about":[{"href":"https:\/\/jmc-swiss.com\/es\/wp-json\/wp\/v2\/types\/page"}],"author":[{"embeddable":true,"href":"https:\/\/jmc-swiss.com\/es\/wp-json\/wp\/v2\/users\/2"}],"replies":[{"embeddable":true,"href":"https:\/\/jmc-swiss.com\/es\/wp-json\/wp\/v2\/comments?post=5361"}],"version-history":[{"count":73,"href":"https:\/\/jmc-swiss.com\/es\/wp-json\/wp\/v2\/pages\/5361\/revisions"}],"predecessor-version":[{"id":5449,"href":"https:\/\/jmc-swiss.com\/es\/wp-json\/wp\/v2\/pages\/5361\/revisions\/5449"}],"up":[{"embeddable":true,"href":"https:\/\/jmc-swiss.com\/es\/wp-json\/wp\/v2\/pages\/2450"}],"wp:featuredmedia":[{"embeddable":true,"href":"https:\/\/jmc-swiss.com\/es\/wp-json\/wp\/v2\/media\/3488"}],"wp:attachment":[{"href":"https:\/\/jmc-swiss.com\/es\/wp-json\/wp\/v2\/media?parent=5361"}],"curies":[{"name":"wp","href":"https:\/\/api.w.org\/{rel}","templated":true}]}}